{"id":15489,"date":"2018-10-12T14:22:38","date_gmt":"2018-10-12T12:22:38","guid":{"rendered":"http:\/\/apissapiens.com\/word\/mention-2\/"},"modified":"2022-05-05T12:40:16","modified_gmt":"2022-05-05T10:40:16","slug":"mention-2","status":"publish","type":"page","link":"https:\/\/www.apissapiens.com\/word\/mention-2\/","title":{"rendered":"Mention"},"content":{"rendered":"\t\t<div data-elementor-type=\"wp-post\" data-elementor-id=\"15489\" class=\"elementor elementor-15489\">\n\t\t\t\t\t\t<div class=\"elementor-inner\">\n\t\t\t\t<div class=\"elementor-section-wrap\">\n\t\t\t\t\t\t\t\t\t<section class=\"elementor-section elementor-top-section elementor-element elementor-element-3480dfb0 elementor-section-boxed elementor-section-height-default elementor-section-height-default\" data-id=\"3480dfb0\" data-element_type=\"section\">\n\t\t\t\t\t\t<div class=\"elementor-container elementor-column-gap-default\">\n\t\t\t\t\t\t\t<div class=\"elementor-row\">\n\t\t\t\t\t<div class=\"elementor-column elementor-col-100 elementor-top-column elementor-element elementor-element-591d16f\" data-id=\"591d16f\" data-element_type=\"column\">\n\t\t\t<div class=\"elementor-column-wrap elementor-element-populated\">\n\t\t\t\t\t\t\t<div class=\"elementor-widget-wrap\">\n\t\t\t\t\t\t<div class=\"elementor-element elementor-element-1243c24c elementor-widget elementor-widget-text-editor\" data-id=\"1243c24c\" data-element_type=\"widget\" data-widget_type=\"text-editor.default\">\n\t\t\t\t<div class=\"elementor-widget-container\">\n\t\t\t\t\t\t\t\t<div class=\"elementor-text-editor elementor-clearfix\">\n\t\t\t\t<h2>Mentions l\u00e9gales<\/h2><p><strong>Editeur du Site : <\/strong><\/p><p style=\"padding-left: 30px;\">Nom : Projet Apis Sapiens<\/p><p style=\"padding-left: 30px;\">Email : <span id=\"cloak49480\"><a href=\"mailto:contact@apissapiens.com\">contact@apissapiens.com <\/a><\/span><\/p><p style=\"padding-left: 30px;\">Site Web : <a href=\"http:\/\/www.apissapiens.com\">www.apissapiens.com<\/a><\/p><p><strong>H\u00e9bergement : <\/strong><\/p><p style=\"padding-left: 30px;\">H\u00e9bergeur : OVH 2 rue Kellermann &#8211; 59100 Roubaix<\/p><p style=\"padding-left: 30px;\">Site Web : <a href=\"http:\/\/www.ovh.com\">www.ovh.com<\/a><\/p><p><strong>D\u00e9veloppement<\/strong><strong> : <\/strong><\/p><p style=\"padding-left: 30px;\">Membres de l&rsquo;association<\/p><p><strong>Litiges : <\/strong><\/p><p style=\"padding-left: 30px;\">Les pr\u00e9sentes conditions du site <a href=\"http:\/\/www.apissapiens.com\">www.apissapiens.com<\/a> sont r\u00e9gies par les lois fran\u00e7aises et toute contestation ou litiges qui pourraient na\u00eetre de l&rsquo;interpr\u00e9tation ou de l&rsquo;ex\u00e9cution de celles-ci seront de la comp\u00e9tence exclusive des tribunaux dont d\u00e9pend le si\u00e8ge social de la soci\u00e9t\u00e9. La langue de r\u00e9f\u00e9rence, pour le r\u00e8glement de contentieux \u00e9ventuels, est le fran\u00e7ais.<\/p><p style=\"padding-left: 30px;\">\u00a0<\/p>\t\t\t\t\t<\/div>\n\t\t\t\t\t\t<\/div>\n\t\t\t\t<\/div>\n\t\t\t\t\t\t<\/div>\n\t\t\t\t\t<\/div>\n\t\t<\/div>\n\t\t\t\t\t\t\t\t<\/div>\n\t\t\t\t\t<\/div>\n\t\t<\/section>\n\t\t\t\t\t\t\t\t\t<\/div>\n\t\t\t<\/div>\n\t\t\t\t\t<\/div>\n\t\t","protected":false},"excerpt":{"rendered":"<p>Mentions l\u00e9gales Editeur du Site : Nom : Projet Apis Sapiens Email : contact@apissapiens.com Site Web : www.apissapiens.com H\u00e9bergement : H\u00e9bergeur : OVH 2 rue Kellermann &#8211; 59100 Roubaix Site Web : www.ovh.com D\u00e9veloppement : Membres de l&rsquo;association Litiges : Les pr\u00e9sentes conditions du site www.apissapiens.com sont r\u00e9gies par les lois fran\u00e7aises et toute contestation [&hellip;]<\/p>\n","protected":false},"author":3,"featured_media":0,"parent":0,"menu_order":0,"comment_status":"closed","ping_status":"closed","template":"","meta":{"jetpack_post_was_ever_published":false},"jetpack_sharing_enabled":true,"jetpack_shortlink":"https:\/\/wp.me\/PalKh5-41P","_links":{"self":[{"href":"https:\/\/www.apissapiens.com\/word\/wp-json\/wp\/v2\/pages\/15489"}],"collection":[{"href":"https:\/\/www.apissapiens.com\/word\/wp-json\/wp\/v2\/pages"}],"about":[{"href":"https:\/\/www.apissapiens.com\/word\/wp-json\/wp\/v2\/types\/page"}],"author":[{"embeddable":true,"href":"https:\/\/www.apissapiens.com\/word\/wp-json\/wp\/v2\/users\/3"}],"replies":[{"embeddable":true,"href":"https:\/\/www.apissapiens.com\/word\/wp-json\/wp\/v2\/comments?post=15489"}],"version-history":[{"count":8,"href":"https:\/\/www.apissapiens.com\/word\/wp-json\/wp\/v2\/pages\/15489\/revisions"}],"predecessor-version":[{"id":15739,"href":"https:\/\/www.apissapiens.com\/word\/wp-json\/wp\/v2\/pages\/15489\/revisions\/15739"}],"wp:attachment":[{"href":"https:\/\/www.apissapiens.com\/word\/wp-json\/wp\/v2\/media?parent=15489"}],"curies":[{"name":"wp","href":"https:\/\/api.w.org\/{rel}","templated":true}]}}